{"id":55,"date":"2021-07-15T20:01:04","date_gmt":"2021-07-15T18:01:04","guid":{"rendered":"http:\/\/potiers-et-ceramistes-de-france.fr\/?page_id=55"},"modified":"2026-01-22T11:03:25","modified_gmt":"2026-01-22T10:03:25","slug":"test01-2","status":"publish","type":"page","link":"https:\/\/potiers-et-ceramistes-de-france.fr\/","title":{"rendered":""},"content":{"rendered":"\n<h1 class=\"wp-block-heading\"><mark style=\"background-color:rgba(0, 0, 0, 0)\" class=\"has-inline-color has-luminous-vivid-amber-color\"><strong>Objectifs de ce site<\/strong><\/mark><\/h1>\n\n\n\n<p class=\"has-medium-font-size\">Ce site a pour objectif principal de mettre \u00e0 disposition des \u00e9tudes et des documents li\u00e9s \u00e0 des sites de c\u00e9ramique traditionnelle.<\/p>\n\n\n\n<p class=\"has-medium-font-size\">Ces documents, issus d&rsquo;archives, sont souvent peu connus. Le second objectif est donc de les rendre visibles au plus grand nombre.<\/p>\n\n\n\n<p class=\"has-medium-font-size\">Les documents originaux se trouvent sous forme papier. Ils ont \u00e9t\u00e9 retranscrits dans des formats num\u00e9riques. Le troisi\u00e8me objectif est de faciliter les recherches dans l&rsquo;ensemble de ces documents.<\/p>\n\n\n\n<p class=\"has-medium-font-size\">Enfin, le dernier objectif est d&rsquo;initier des \u00e9tudes sur les c\u00e9ramistes de Caen, du Calvados et de la Manche de la p\u00e9riode de 1840 \u00e0 2000.<\/p>\n\n\n\n<p style=\"font-size:21px\"><\/p>\n\n\n\n<p style=\"font-size:21px\"><\/p>\n\n\n\n<p><\/p>\n","protected":false},"excerpt":{"rendered":"<p>Objectifs de ce site Ce site a pour objectif principal de mettre \u00e0 disposition des \u00e9tudes et des documents li\u00e9s&hellip;<\/p>\n","protected":false},"author":1,"featured_media":0,"parent":0,"menu_order":0,"comment_status":"closed","ping_status":"closed","template":"","meta":{"footnotes":""},"class_list":["post-55","page","type-page","status-publish","hentry"],"_links":{"self":[{"href":"https:\/\/potiers-et-ceramistes-de-france.fr\/index.php\/wp-json\/wp\/v2\/pages\/55","targetHints":{"allow":["GET"]}}],"collection":[{"href":"https:\/\/potiers-et-ceramistes-de-france.fr\/index.php\/wp-json\/wp\/v2\/pages"}],"about":[{"href":"https:\/\/potiers-et-ceramistes-de-france.fr\/index.php\/wp-json\/wp\/v2\/types\/page"}],"author":[{"embeddable":true,"href":"https:\/\/potiers-et-ceramistes-de-france.fr\/index.php\/wp-json\/wp\/v2\/users\/1"}],"replies":[{"embeddable":true,"href":"https:\/\/potiers-et-ceramistes-de-france.fr\/index.php\/wp-json\/wp\/v2\/comments?post=55"}],"version-history":[{"count":9,"href":"https:\/\/potiers-et-ceramistes-de-france.fr\/index.php\/wp-json\/wp\/v2\/pages\/55\/revisions"}],"predecessor-version":[{"id":523,"href":"https:\/\/potiers-et-ceramistes-de-france.fr\/index.php\/wp-json\/wp\/v2\/pages\/55\/revisions\/523"}],"wp:attachment":[{"href":"https:\/\/potiers-et-ceramistes-de-france.fr\/index.php\/wp-json\/wp\/v2\/media?parent=55"}],"curies":[{"name":"wp","href":"https:\/\/api.w.org\/{rel}","templated":true}]}}